{"id":9,"date":"2020-12-20T21:57:04","date_gmt":"2020-12-20T21:57:04","guid":{"rendered":"http:\/\/operincsas.com\/?page_id=9"},"modified":"2021-03-23T16:00:50","modified_gmt":"2021-03-23T16:00:50","slug":"inicio","status":"publish","type":"page","link":"https:\/\/operincsas.com\/public_html\/operincsas.com\/","title":{"rendered":"Inicio"},"content":{"rendered":"\t\t<div data-elementor-type=\"wp-page\" data-elementor-id=\"9\" class=\"elementor elementor-9\" data-elementor-settings=\"[]\">\n\t\t\t\t\t\t<div class=\"elementor-inner\">\n\t\t\t\t\t\t\t<div class=\"elementor-section-wrap\">\n\t\t\t\t\t\t\t<section class=\"elementor-section elementor-top-section elementor-element elementor-element-152b74dc elementor-section-content-middle elementor-section-boxed elementor-section-height-default elementor-section-height-default\" data-id=\"152b74dc\" data-element_type=\"section\" data-settings=\"{&quot;background_background&quot;:&quot;slideshow&quot;,&quot;background_slideshow_gallery&quot;:[{&quot;id&quot;:248,&quot;url&quot;:&quot;http:\\\/\\\/operincsas.com\\\/wp-content\\\/uploads\\\/2020\\\/12\\\/1.jpg&quot;},{&quot;id&quot;:249,&quot;url&quot;:&quot;http:\\\/\\\/operincsas.com\\\/wp-content\\\/uploads\\\/2020\\\/12\\\/2.jpg&quot;},{&quot;id&quot;:250,&quot;url&quot;:&quot;http:\\\/\\\/operincsas.com\\\/wp-content\\\/uploads\\\/2020\\\/12\\\/3.jpg&quot;},{&quot;id&quot;:251,&quot;url&quot;:&quot;http:\\\/\\\/operincsas.com\\\/wp-content\\\/uploads\\\/2020\\\/12\\\/4.jpg&quot;},{&quot;id&quot;:252,&quot;url&quot;:&quot;http:\\\/\\\/operincsas.com\\\/wp-content\\\/uploads\\\/2020\\\/12\\\/5.jpg&quot;},{&quot;id&quot;:253,&quot;url&quot;:&quot;http:\\\/\\\/operincsas.com\\\/wp-content\\\/uploads\\\/2020\\\/12\\\/6.jpg&quot;},{&quot;id&quot;:254,&quot;url&quot;:&quot;http:\\\/\\\/operincsas.com\\\/wp-content\\\/uploads\\\/2020\\\/12\\\/7-2.jpg&quot;}],&quot;shape_divider_top&quot;:&quot;opacity-fan&quot;,&quot;shape_divider_bottom&quot;:&quot;opacity-tilt&quot;,&quot;background_slideshow_loop&quot;:&quot;yes&quot;,&quot;background_slideshow_slide_duration&quot;:5000,&quot;background_slideshow_slide_transition&quot;:&quot;fade&quot;,&quot;background_slideshow_transition_duration&quot;:500}\">\n\t\t\t\t\t\t\t<div class=\"elementor-background-overlay\"><\/div>\n\t\t\t\t\t\t<div class=\"elementor-shape elementor-shape-top\" data-negative=\"false\">\n\t\t\t<svg xmlns=\"http:\/\/www.w3.org\/2000\/svg\" viewBox=\"0 0 283.5 19.6\" preserveAspectRatio=\"none\">\n\t<path class=\"elementor-shape-fill\" style=\"opacity:0.33\" d=\"M0 0L0 18.8 141.8 4.1 283.5 18.8 283.5 0z\"\/>\n\t<path class=\"elementor-shape-fill\" style=\"opacity:0.33\" d=\"M0 0L0 12.6 141.8 4 283.5 12.6 283.5 0z\"\/>\n\t<path class=\"elementor-shape-fill\" style=\"opacity:0.33\" d=\"M0 0L0 6.4 141.8 4 283.5 6.4 283.5 0z\"\/>\n\t<path class=\"elementor-shape-fill\" d=\"M0 0L0 1.2 141.8 4 283.5 1.2 283.5 0z\"\/>\n<\/svg>\t\t<\/div>\n\t\t\t\t<div class=\"elementor-shape elementor-shape-bottom\" data-negative=\"false\">\n\t\t\t<svg xmlns=\"http:\/\/www.w3.org\/2000\/svg\" viewBox=\"0 0 2600 131.1\" preserveAspectRatio=\"none\">\n\t<path class=\"elementor-shape-fill\" d=\"M0 0L2600 0 2600 69.1 0 0z\"\/>\n\t<path class=\"elementor-shape-fill\" style=\"opacity:0.5\" d=\"M0 0L2600 0 2600 69.1 0 69.1z\"\/>\n\t<path class=\"elementor-shape-fill\" style=\"opacity:0.25\" d=\"M2600 0L0 0 0 130.1 2600 69.1z\"\/>\n<\/svg>\t\t<\/div>\n\t\t\t\t\t<div class=\"elementor-container elementor-column-gap-no\">\n\t\t\t\t\t\t\t<div class=\"elementor-row\">\n\t\t\t\t\t<div class=\"elementor-column elementor-col-100 elementor-top-column elementor-element elementor-element-637ddda7\" data-id=\"637ddda7\" data-element_type=\"column\">\n\t\t\t<div class=\"elementor-column-wrap elementor-element-populated\">\n\t\t\t\t\t\t\t<div class=\"elementor-widget-wrap\">\n\t\t\t\t\t\t<div class=\"elementor-element elementor-element-211872fb elementor-widget elementor-widget-heading\" data-id=\"211872fb\" data-element_type=\"widget\" data-widget_type=\"heading.default\">\n\t\t\t\t<div class=\"elementor-widget-container\">\n\t\t\t<h4 class=\"elementor-heading-title elementor-size-default\"><br>Bienvenidos a nuestro sitio Web...<br>Somos una empresa ubicada en Santa Marta, que presta servicios en la industria de Carga (Gr\u00faas), Minera, Portuaria y dem\u00e1s, las 24 horas del d\u00eda, con personal altamente calificado, a su servicio.<\/h4>\t\t<\/div>\n\t\t\t\t<\/div>\n\t\t\t\t\t\t<\/div>\n\t\t\t\t\t<\/div>\n\t\t<\/div>\n\t\t\t\t\t\t\t\t<\/div>\n\t\t\t\t\t<\/div>\n\t\t<\/section>\n\t\t\t\t<section class=\"elementor-section elementor-top-section elementor-element elementor-element-dc61082 elementor-section-boxed elementor-section-height-default elementor-section-height-default\" data-id=\"dc61082\" data-element_type=\"section\">\n\t\t\t\t\t\t<div class=\"elementor-container elementor-column-gap-default\">\n\t\t\t\t\t\t\t<div class=\"elementor-row\">\n\t\t\t\t\t<div class=\"elementor-column elementor-col-100 elementor-top-column elementor-element elementor-element-44d55af\" data-id=\"44d55af\" data-element_type=\"column\">\n\t\t\t<div class=\"elementor-column-wrap elementor-element-populated\">\n\t\t\t\t\t\t\t<div class=\"elementor-widget-wrap\">\n\t\t\t\t\t\t<div class=\"elementor-element elementor-element-d23425b elementor-widget elementor-widget-heading\" data-id=\"d23425b\" data-element_type=\"widget\" data-widget_type=\"heading.default\">\n\t\t\t\t<div class=\"elementor-widget-container\">\n\t\t\t<h2 class=\"elementor-heading-title elementor-size-default\">Nuestros Servicios<\/h2>\t\t<\/div>\n\t\t\t\t<\/div>\n\t\t\t\t\t\t<\/div>\n\t\t\t\t\t<\/div>\n\t\t<\/div>\n\t\t\t\t\t\t\t\t<\/div>\n\t\t\t\t\t<\/div>\n\t\t<\/section>\n\t\t\t\t<section class=\"elementor-section elementor-top-section elementor-element elementor-element-e80e629 elementor-section-boxed elementor-section-height-default elementor-section-height-default\" data-id=\"e80e629\" data-element_type=\"section\">\n\t\t\t\t\t\t<div class=\"elementor-container elementor-column-gap-no\">\n\t\t\t\t\t\t\t<div class=\"elementor-row\">\n\t\t\t\t\t<div class=\"elementor-column elementor-col-33 elementor-top-column elementor-element elementor-element-57605884\" data-id=\"57605884\" data-element_type=\"column\" data-settings=\"{&quot;background_background&quot;:&quot;classic&quot;}\">\n\t\t\t<div class=\"elementor-column-wrap elementor-element-populated\">\n\t\t\t\t\t\t\t<div class=\"elementor-widget-wrap\">\n\t\t\t\t\t\t<div class=\"elementor-element elementor-element-2c51f978 elementor-widget elementor-widget-image\" data-id=\"2c51f978\" data-element_type=\"widget\" data-widget_type=\"image.default\">\n\t\t\t\t<div class=\"elementor-widget-container\">\n\t\t\t\t\t<div class=\"elementor-image\">\n\t\t\t\t\t\t\t\t\t\t<img loading=\"lazy\" decoding=\"async\" width=\"1280\" height=\"720\" src=\"https:\/\/operincsas.com\/wp-content\/uploads\/2020\/12\/7-1.jpg\" class=\"attachment-full size-full\" alt=\"\" srcset=\"https:\/\/operincsas.com\/wp-content\/uploads\/2020\/12\/7-1.jpg 1280w, https:\/\/operincsas.com\/wp-content\/uploads\/2020\/12\/7-1-300x169.jpg 300w, https:\/\/operincsas.com\/wp-content\/uploads\/2020\/12\/7-1-1024x576.jpg 1024w, https:\/\/operincsas.com\/wp-content\/uploads\/2020\/12\/7-1-768x432.jpg 768w\" sizes=\"auto, (max-width: 1280px) 100vw, 1280px\" \/>\t\t\t\t\t\t\t\t\t\t\t<\/div>\n\t\t\t\t<\/div>\n\t\t\t\t<\/div>\n\t\t\t\t<div class=\"elementor-element elementor-element-5dc0c0b1 elementor-widget elementor-widget-heading\" data-id=\"5dc0c0b1\" data-element_type=\"widget\" data-widget_type=\"heading.default\">\n\t\t\t\t<div class=\"elementor-widget-container\">\n\t\t\t<h3 class=\"elementor-heading-title elementor-size-large\">Servicio de Gr\u00faa<\/h3>\t\t<\/div>\n\t\t\t\t<\/div>\n\t\t\t\t<div class=\"elementor-element elementor-element-57943bd8 elementor-widget elementor-widget-text-editor\" data-id=\"57943bd8\" data-element_type=\"widget\" data-widget_type=\"text-editor.default\">\n\t\t\t\t<div class=\"elementor-widget-container\">\n\t\t\t\t\t<div class=\"elementor-text-editor elementor-clearfix\"><p>Montajes y movilizaci\u00f3n de carga en log\u00edstica, y ejecuci\u00f3n de proyectos que incluyen transporte de carga. Suministro de gr\u00faas y equipos de izaje para obras industriales y civiles<\/p><\/div>\n\t\t\t\t<\/div>\n\t\t\t\t<\/div>\n\t\t\t\t\t\t<\/div>\n\t\t\t\t\t<\/div>\n\t\t<\/div>\n\t\t\t\t<div class=\"elementor-column elementor-col-33 elementor-top-column elementor-element elementor-element-23946763\" data-id=\"23946763\" data-element_type=\"column\" data-settings=\"{&quot;background_background&quot;:&quot;classic&quot;}\">\n\t\t\t<div class=\"elementor-column-wrap elementor-element-populated\">\n\t\t\t\t\t\t\t<div class=\"elementor-widget-wrap\">\n\t\t\t\t\t\t<div class=\"elementor-element elementor-element-5d21127f elementor-widget elementor-widget-image\" data-id=\"5d21127f\" data-element_type=\"widget\" data-widget_type=\"image.default\">\n\t\t\t\t<div class=\"elementor-widget-container\">\n\t\t\t\t\t<div class=\"elementor-image\">\n\t\t\t\t\t\t\t\t\t\t<img loading=\"lazy\" decoding=\"async\" width=\"1280\" height=\"720\" src=\"https:\/\/operincsas.com\/wp-content\/uploads\/2020\/12\/2-1.jpg\" class=\"attachment-full size-full\" alt=\"\" srcset=\"https:\/\/operincsas.com\/wp-content\/uploads\/2020\/12\/2-1.jpg 1280w, https:\/\/operincsas.com\/wp-content\/uploads\/2020\/12\/2-1-300x169.jpg 300w, https:\/\/operincsas.com\/wp-content\/uploads\/2020\/12\/2-1-1024x576.jpg 1024w, https:\/\/operincsas.com\/wp-content\/uploads\/2020\/12\/2-1-768x432.jpg 768w\" sizes=\"auto, (max-width: 1280px) 100vw, 1280px\" \/>\t\t\t\t\t\t\t\t\t\t\t<\/div>\n\t\t\t\t<\/div>\n\t\t\t\t<\/div>\n\t\t\t\t<div class=\"elementor-element elementor-element-d900ac3 elementor-widget elementor-widget-heading\" data-id=\"d900ac3\" data-element_type=\"widget\" data-widget_type=\"heading.default\">\n\t\t\t\t<div class=\"elementor-widget-container\">\n\t\t\t<h3 class=\"elementor-heading-title elementor-size-large\">Metalmec\u00e1nica<\/h3>\t\t<\/div>\n\t\t\t\t<\/div>\n\t\t\t\t<div class=\"elementor-element elementor-element-39f99271 elementor-widget elementor-widget-text-editor\" data-id=\"39f99271\" data-element_type=\"widget\" data-widget_type=\"text-editor.default\">\n\t\t\t\t<div class=\"elementor-widget-container\">\n\t\t\t\t\t<div class=\"elementor-text-editor elementor-clearfix\"><p>Fabricaci\u00f3n de piezas de todo tipo y material, montajes, ensambles, mantenimientos mec\u00e1nicos e ingenier\u00eda civil<\/p><\/div>\n\t\t\t\t<\/div>\n\t\t\t\t<\/div>\n\t\t\t\t\t\t<\/div>\n\t\t\t\t\t<\/div>\n\t\t<\/div>\n\t\t\t\t<div class=\"elementor-column elementor-col-33 elementor-top-column elementor-element elementor-element-6f646c00\" data-id=\"6f646c00\" data-element_type=\"column\" data-settings=\"{&quot;background_background&quot;:&quot;classic&quot;}\">\n\t\t\t<div class=\"elementor-column-wrap elementor-element-populated\">\n\t\t\t\t\t\t\t<div class=\"elementor-widget-wrap\">\n\t\t\t\t\t\t<div class=\"elementor-element elementor-element-4c77cd3c elementor-widget elementor-widget-image\" data-id=\"4c77cd3c\" data-element_type=\"widget\" data-widget_type=\"image.default\">\n\t\t\t\t<div class=\"elementor-widget-container\">\n\t\t\t\t\t<div class=\"elementor-image\">\n\t\t\t\t\t\t\t\t\t\t<img loading=\"lazy\" decoding=\"async\" width=\"1280\" height=\"720\" src=\"https:\/\/operincsas.com\/wp-content\/uploads\/2020\/12\/1-1.jpg\" class=\"attachment-full size-full\" alt=\"\" srcset=\"https:\/\/operincsas.com\/wp-content\/uploads\/2020\/12\/1-1.jpg 1280w, https:\/\/operincsas.com\/wp-content\/uploads\/2020\/12\/1-1-300x169.jpg 300w, https:\/\/operincsas.com\/wp-content\/uploads\/2020\/12\/1-1-1024x576.jpg 1024w, https:\/\/operincsas.com\/wp-content\/uploads\/2020\/12\/1-1-768x432.jpg 768w\" sizes=\"auto, (max-width: 1280px) 100vw, 1280px\" \/>\t\t\t\t\t\t\t\t\t\t\t<\/div>\n\t\t\t\t<\/div>\n\t\t\t\t<\/div>\n\t\t\t\t<div class=\"elementor-element elementor-element-67d7211a elementor-widget elementor-widget-heading\" data-id=\"67d7211a\" data-element_type=\"widget\" data-widget_type=\"heading.default\">\n\t\t\t\t<div class=\"elementor-widget-container\">\n\t\t\t<h3 class=\"elementor-heading-title elementor-size-large\">Portuaria<\/h3>\t\t<\/div>\n\t\t\t\t<\/div>\n\t\t\t\t<div class=\"elementor-element elementor-element-22d06241 elementor-widget elementor-widget-text-editor\" data-id=\"22d06241\" data-element_type=\"widget\" data-widget_type=\"text-editor.default\">\n\t\t\t\t<div class=\"elementor-widget-container\">\n\t\t\t\t\t<div class=\"elementor-text-editor elementor-clearfix\"><p><span style=\"color: #ffffff;\">Reparaci\u00f3n y mantenimiento de embarcaciones, muelles equipos portuarios defensas portuarias y dem\u00e1s<\/span><\/p><\/div>\n\t\t\t\t<\/div>\n\t\t\t\t<\/div>\n\t\t\t\t\t\t<\/div>\n\t\t\t\t\t<\/div>\n\t\t<\/div>\n\t\t\t\t\t\t\t\t<\/div>\n\t\t\t\t\t<\/div>\n\t\t<\/section>\n\t\t\t\t<section class=\"elementor-section elementor-top-section elementor-element elementor-element-4583a66d elementor-section-boxed elementor-section-height-default elementor-section-height-default\" data-id=\"4583a66d\" data-element_type=\"section\">\n\t\t\t\t\t\t<div class=\"elementor-container elementor-column-gap-no\">\n\t\t\t\t\t\t\t<div class=\"elementor-row\">\n\t\t\t\t\t<div class=\"elementor-column elementor-col-33 elementor-top-column elementor-element elementor-element-8594b43\" data-id=\"8594b43\" data-element_type=\"column\" data-settings=\"{&quot;background_background&quot;:&quot;classic&quot;}\">\n\t\t\t<div class=\"elementor-column-wrap elementor-element-populated\">\n\t\t\t\t\t\t\t<div class=\"elementor-widget-wrap\">\n\t\t\t\t\t\t<div class=\"elementor-element elementor-element-5c1fb2ea elementor-widget elementor-widget-image\" data-id=\"5c1fb2ea\" data-element_type=\"widget\" data-widget_type=\"image.default\">\n\t\t\t\t<div class=\"elementor-widget-container\">\n\t\t\t\t\t<div class=\"elementor-image\">\n\t\t\t\t\t\t\t\t\t\t<img loading=\"lazy\" decoding=\"async\" width=\"1280\" height=\"720\" src=\"https:\/\/operincsas.com\/wp-content\/uploads\/2020\/12\/contenedores.jpg\" class=\"attachment-full size-full\" alt=\"\" srcset=\"https:\/\/operincsas.com\/wp-content\/uploads\/2020\/12\/contenedores.jpg 1280w, https:\/\/operincsas.com\/wp-content\/uploads\/2020\/12\/contenedores-300x169.jpg 300w, https:\/\/operincsas.com\/wp-content\/uploads\/2020\/12\/contenedores-1024x576.jpg 1024w, https:\/\/operincsas.com\/wp-content\/uploads\/2020\/12\/contenedores-768x432.jpg 768w\" sizes=\"auto, (max-width: 1280px) 100vw, 1280px\" \/>\t\t\t\t\t\t\t\t\t\t\t<\/div>\n\t\t\t\t<\/div>\n\t\t\t\t<\/div>\n\t\t\t\t<div class=\"elementor-element elementor-element-4af34fc0 elementor-widget elementor-widget-heading\" data-id=\"4af34fc0\" data-element_type=\"widget\" data-widget_type=\"heading.default\">\n\t\t\t\t<div class=\"elementor-widget-container\">\n\t\t\t<h3 class=\"elementor-heading-title elementor-size-large\">Adecuaci\u00f3n de contenedores<\/h3>\t\t<\/div>\n\t\t\t\t<\/div>\n\t\t\t\t<div class=\"elementor-element elementor-element-39c601cf elementor-widget elementor-widget-text-editor\" data-id=\"39c601cf\" data-element_type=\"widget\" data-widget_type=\"text-editor.default\">\n\t\t\t\t<div class=\"elementor-widget-container\">\n\t\t\t\t\t<div class=\"elementor-text-editor elementor-clearfix\"><p><span style=\"color: #ffffff; font-family: var( --e-global-typography-text-font-family ), Sans-serif; font-size: 18px; font-style: normal; font-weight: 100;\">Contenedores de oficinas, dormitorios, salas de recreo, almacenes, bater\u00edas de ba\u00f1o y mucho mas<\/span><\/p><\/div>\n\t\t\t\t<\/div>\n\t\t\t\t<\/div>\n\t\t\t\t\t\t<\/div>\n\t\t\t\t\t<\/div>\n\t\t<\/div>\n\t\t\t\t<div class=\"elementor-column elementor-col-33 elementor-top-column elementor-element elementor-element-9cc0c39\" data-id=\"9cc0c39\" data-element_type=\"column\" data-settings=\"{&quot;background_background&quot;:&quot;classic&quot;}\">\n\t\t\t<div class=\"elementor-column-wrap elementor-element-populated\">\n\t\t\t\t\t\t\t<div class=\"elementor-widget-wrap\">\n\t\t\t\t\t\t<div class=\"elementor-element elementor-element-62a9be6d elementor-widget elementor-widget-image\" data-id=\"62a9be6d\" data-element_type=\"widget\" data-widget_type=\"image.default\">\n\t\t\t\t<div class=\"elementor-widget-container\">\n\t\t\t\t\t<div class=\"elementor-image\">\n\t\t\t\t\t\t\t\t\t\t<img loading=\"lazy\" decoding=\"async\" width=\"1280\" height=\"720\" src=\"https:\/\/operincsas.com\/wp-content\/uploads\/2020\/12\/experto-universitario-instalaciones-electricas-edificacion-2.jpg\" class=\"attachment-full size-full\" alt=\"\" srcset=\"https:\/\/operincsas.com\/wp-content\/uploads\/2020\/12\/experto-universitario-instalaciones-electricas-edificacion-2.jpg 1280w, https:\/\/operincsas.com\/wp-content\/uploads\/2020\/12\/experto-universitario-instalaciones-electricas-edificacion-2-300x169.jpg 300w, https:\/\/operincsas.com\/wp-content\/uploads\/2020\/12\/experto-universitario-instalaciones-electricas-edificacion-2-1024x576.jpg 1024w, https:\/\/operincsas.com\/wp-content\/uploads\/2020\/12\/experto-universitario-instalaciones-electricas-edificacion-2-768x432.jpg 768w\" sizes=\"auto, (max-width: 1280px) 100vw, 1280px\" \/>\t\t\t\t\t\t\t\t\t\t\t<\/div>\n\t\t\t\t<\/div>\n\t\t\t\t<\/div>\n\t\t\t\t<div class=\"elementor-element elementor-element-7cd2d297 elementor-widget elementor-widget-heading\" data-id=\"7cd2d297\" data-element_type=\"widget\" data-widget_type=\"heading.default\">\n\t\t\t\t<div class=\"elementor-widget-container\">\n\t\t\t<h3 class=\"elementor-heading-title elementor-size-large\">Instalaciones el\u00e9ctricas<br><\/h3>\t\t<\/div>\n\t\t\t\t<\/div>\n\t\t\t\t<div class=\"elementor-element elementor-element-5f27ae1 elementor-widget elementor-widget-text-editor\" data-id=\"5f27ae1\" data-element_type=\"widget\" data-widget_type=\"text-editor.default\">\n\t\t\t\t<div class=\"elementor-widget-container\">\n\t\t\t\t\t<div class=\"elementor-text-editor elementor-clearfix\"><p>Mantenimiento de redes el\u00e9ctricas, montajes el\u00e9ctricos, cableado estructurado y eficiencia energ\u00e9tica<\/p><\/div>\n\t\t\t\t<\/div>\n\t\t\t\t<\/div>\n\t\t\t\t\t\t<\/div>\n\t\t\t\t\t<\/div>\n\t\t<\/div>\n\t\t\t\t<div class=\"elementor-column elementor-col-33 elementor-top-column elementor-element elementor-element-6874977f\" data-id=\"6874977f\" data-element_type=\"column\" data-settings=\"{&quot;background_background&quot;:&quot;classic&quot;}\">\n\t\t\t<div class=\"elementor-column-wrap elementor-element-populated\">\n\t\t\t\t\t\t\t<div class=\"elementor-widget-wrap\">\n\t\t\t\t\t\t<div class=\"elementor-element elementor-element-645371c2 elementor-widget elementor-widget-image\" data-id=\"645371c2\" data-element_type=\"widget\" data-widget_type=\"image.default\">\n\t\t\t\t<div class=\"elementor-widget-container\">\n\t\t\t\t\t<div class=\"elementor-image\">\n\t\t\t\t\t\t\t\t\t\t<img loading=\"lazy\" decoding=\"async\" width=\"1280\" height=\"720\" src=\"https:\/\/operincsas.com\/wp-content\/uploads\/2020\/12\/tanques.jpg\" class=\"attachment-full size-full\" alt=\"\" srcset=\"https:\/\/operincsas.com\/wp-content\/uploads\/2020\/12\/tanques.jpg 1280w, https:\/\/operincsas.com\/wp-content\/uploads\/2020\/12\/tanques-300x169.jpg 300w, https:\/\/operincsas.com\/wp-content\/uploads\/2020\/12\/tanques-1024x576.jpg 1024w, https:\/\/operincsas.com\/wp-content\/uploads\/2020\/12\/tanques-768x432.jpg 768w\" sizes=\"auto, (max-width: 1280px) 100vw, 1280px\" \/>\t\t\t\t\t\t\t\t\t\t\t<\/div>\n\t\t\t\t<\/div>\n\t\t\t\t<\/div>\n\t\t\t\t<div class=\"elementor-element elementor-element-159d7cdc elementor-widget elementor-widget-heading\" data-id=\"159d7cdc\" data-element_type=\"widget\" data-widget_type=\"heading.default\">\n\t\t\t\t<div class=\"elementor-widget-container\">\n\t\t\t<h3 class=\"elementor-heading-title elementor-size-large\">Lavado de tanques y espacios confinados<\/h3>\t\t<\/div>\n\t\t\t\t<\/div>\n\t\t\t\t<div class=\"elementor-element elementor-element-ff62b04 elementor-widget elementor-widget-text-editor\" data-id=\"ff62b04\" data-element_type=\"widget\" data-widget_type=\"text-editor.default\">\n\t\t\t\t<div class=\"elementor-widget-container\">\n\t\t\t\t\t<div class=\"elementor-text-editor elementor-clearfix\"><p>Lavado a presi\u00f3n, achique de aguas lodosas y aceitosas, degastaci\u00f3n y medici\u00f3n de gases y dem\u00e1s<\/p><\/div>\n\t\t\t\t<\/div>\n\t\t\t\t<\/div>\n\t\t\t\t\t\t<\/div>\n\t\t\t\t\t<\/div>\n\t\t<\/div>\n\t\t\t\t\t\t\t\t<\/div>\n\t\t\t\t\t<\/div>\n\t\t<\/section>\n\t\t\t\t<section class=\"elementor-section elementor-top-section elementor-element elementor-element-65a8462 elementor-section-boxed elementor-section-height-default elementor-section-height-default\" data-id=\"65a8462\" data-element_type=\"section\">\n\t\t\t\t\t\t<div class=\"elementor-container elementor-column-gap-default\">\n\t\t\t\t\t\t\t<div class=\"elementor-row\">\n\t\t\t\t\t<div class=\"elementor-column elementor-col-100 elementor-top-column elementor-element elementor-element-dfdb28a\" data-id=\"dfdb28a\" data-element_type=\"column\">\n\t\t\t<div class=\"elementor-column-wrap\">\n\t\t\t\t\t\t\t<div class=\"elementor-widget-wrap\">\n\t\t\t\t\t\t\t\t<\/div>\n\t\t\t\t\t<\/div>\n\t\t<\/div>\n\t\t\t\t\t\t\t\t<\/div>\n\t\t\t\t\t<\/div>\n\t\t<\/section>\n\t\t\t\t\t\t<\/div>\n\t\t\t\t\t\t<\/div>\n\t\t\t\t\t<\/div>\n\t\t","protected":false},"excerpt":{"rendered":"<p>Bienvenidos a nuestro sitio Web&#8230; Somos una empresa ubicada en Santa Marta, que presta servicios en la industria de Carga (Gr\u00faas), Minera, Portuaria y dem\u00e1s, las 24 horas del d\u00eda, con personal altamente calificado, a su servicio. Nuestros Servicios Servicio de Gr\u00faa Montajes y movilizaci\u00f3n de carga en log\u00edstica, y ejecuci\u00f3n de proyectos que incluyen &hellip;<\/p>\n<p class=\"read-more\"> <a class=\"\" href=\"https:\/\/operincsas.com\/public_html\/operincsas.com\/\"> <span class=\"screen-reader-text\">Inicio<\/span> Leer m\u00e1s &raquo;<\/a><\/p>\n","protected":false},"author":1,"featured_media":0,"parent":0,"menu_order":0,"comment_status":"closed","ping_status":"closed","template":"","meta":{"footnotes":""},"class_list":["post-9","page","type-page","status-publish","hentry"],"yoast_head":"<!-- This site is optimized with the Yoast SEO plugin v16.0.2 - https:\/\/yoast.com\/wordpress\/plugins\/seo\/ -->\n<title>Gruas y Metalmecanica Santa Marta<\/title>\n<meta name=\"description\" content=\"Portuarios, Transporte, Electricidad, Metalmec\u00e1nica, y dem\u00e1s\" \/>\n<link rel=\"canonical\" href=\"https:\/\/operincsas.com\/public_html\/operincsas.com\/\" \/>\n<meta property=\"og:locale\" content=\"es_ES\" \/>\n<meta property=\"og:type\" content=\"article\" \/>\n<meta property=\"og:title\" content=\"Gruas y Metalmecanica Santa Marta\" \/>\n<meta property=\"og:description\" content=\"Portuarios, Transporte, Electricidad, Metalmec\u00e1nica, y dem\u00e1s\" \/>\n<meta property=\"og:url\" content=\"https:\/\/operincsas.com\/public_html\/operincsas.com\/\" \/>\n<meta property=\"og:site_name\" content=\"Gruas Metalmecanica Santa Marta Magdalena Colombia Gr\u00faas Metalmec\u00e1nica\" \/>\n<meta property=\"article:modified_time\" content=\"2021-03-23T16:00:50+00:00\" \/>\n<meta property=\"og:image\" content=\"http:\/\/operincsas.com\/wp-content\/uploads\/2020\/12\/7-1.jpg\" \/>\n<meta name=\"twitter:card\" content=\"summary_large_image\" \/>\n<meta name=\"twitter:label1\" content=\"Tiempo de lectura\">\n\t<meta name=\"twitter:data1\" content=\"2 minutos\">\n<script type=\"application\/ld+json\" class=\"yoast-schema-graph\">{\"@context\":\"https:\/\/schema.org\",\"@graph\":[{\"@type\":\"Organization\",\"@id\":\"https:\/\/operincsas.com\/public_html\/operincsas.com\/#organization\",\"name\":\"Operinc SAS\",\"url\":\"https:\/\/operincsas.com\/public_html\/operincsas.com\/\",\"sameAs\":[],\"logo\":{\"@type\":\"ImageObject\",\"@id\":\"https:\/\/operincsas.com\/public_html\/operincsas.com\/#logo\",\"inLanguage\":\"es\",\"url\":\"https:\/\/operincsas.com\/wp-content\/uploads\/2020\/12\/logo-operinc.jpg\",\"width\":1117,\"height\":272,\"caption\":\"Operinc SAS\"},\"image\":{\"@id\":\"https:\/\/operincsas.com\/public_html\/operincsas.com\/#logo\"}},{\"@type\":\"WebSite\",\"@id\":\"https:\/\/operincsas.com\/public_html\/operincsas.com\/#website\",\"url\":\"https:\/\/operincsas.com\/public_html\/operincsas.com\/\",\"name\":\"Gruas Metalmecanica Santa Marta Magdalena Colombia Gr\\u00faas Metalmec\\u00e1nica\",\"description\":\"Gruas Metalmecanica Santa Marta Magdalena Colombia\",\"publisher\":{\"@id\":\"https:\/\/operincsas.com\/public_html\/operincsas.com\/#organization\"},\"potentialAction\":[{\"@type\":\"SearchAction\",\"target\":\"https:\/\/operincsas.com\/public_html\/operincsas.com\/?s={search_term_string}\",\"query-input\":\"required name=search_term_string\"}],\"inLanguage\":\"es\"},{\"@type\":\"ImageObject\",\"@id\":\"https:\/\/operincsas.com\/public_html\/operincsas.com\/#primaryimage\",\"inLanguage\":\"es\",\"url\":\"http:\/\/operincsas.com\/wp-content\/uploads\/2020\/12\/7-1.jpg\"},{\"@type\":\"WebPage\",\"@id\":\"https:\/\/operincsas.com\/public_html\/operincsas.com\/#webpage\",\"url\":\"https:\/\/operincsas.com\/public_html\/operincsas.com\/\",\"name\":\"Gruas y Metalmecanica Santa Marta\",\"isPartOf\":{\"@id\":\"https:\/\/operincsas.com\/public_html\/operincsas.com\/#website\"},\"primaryImageOfPage\":{\"@id\":\"https:\/\/operincsas.com\/public_html\/operincsas.com\/#primaryimage\"},\"datePublished\":\"2020-12-20T21:57:04+00:00\",\"dateModified\":\"2021-03-23T16:00:50+00:00\",\"description\":\"Portuarios, Transporte, Electricidad, Metalmec\\u00e1nica, y dem\\u00e1s\",\"breadcrumb\":{\"@id\":\"https:\/\/operincsas.com\/public_html\/operincsas.com\/#breadcrumb\"},\"inLanguage\":\"es\",\"potentialAction\":[{\"@type\":\"ReadAction\",\"target\":[\"https:\/\/operincsas.com\/public_html\/operincsas.com\/\"]}]},{\"@type\":\"BreadcrumbList\",\"@id\":\"https:\/\/operincsas.com\/public_html\/operincsas.com\/#breadcrumb\",\"itemListElement\":[{\"@type\":\"ListItem\",\"position\":1,\"item\":{\"@type\":\"WebPage\",\"@id\":\"https:\/\/operincsas.com\/public_html\/operincsas.com\/\",\"url\":\"https:\/\/operincsas.com\/public_html\/operincsas.com\/\",\"name\":\"Gruas Santa Marta\"}},{\"@type\":\"ListItem\",\"position\":2,\"item\":{\"@type\":\"WebPage\",\"@id\":\"https:\/\/operincsas.com\/public_html\/operincsas.com\/\",\"url\":\"https:\/\/operincsas.com\/public_html\/operincsas.com\/\",\"name\":\"MP\"}}]}]}<\/script>\n<!-- \/ Yoast SEO plugin. -->","_links":{"self":[{"href":"https:\/\/operincsas.com\/public_html\/operincsas.com\/wp-json\/wp\/v2\/pages\/9","targetHints":{"allow":["GET"]}}],"collection":[{"href":"https:\/\/operincsas.com\/public_html\/operincsas.com\/wp-json\/wp\/v2\/pages"}],"about":[{"href":"https:\/\/operincsas.com\/public_html\/operincsas.com\/wp-json\/wp\/v2\/types\/page"}],"author":[{"embeddable":true,"href":"https:\/\/operincsas.com\/public_html\/operincsas.com\/wp-json\/wp\/v2\/users\/1"}],"replies":[{"embeddable":true,"href":"https:\/\/operincsas.com\/public_html\/operincsas.com\/wp-json\/wp\/v2\/comments?post=9"}],"version-history":[{"count":187,"href":"https:\/\/operincsas.com\/public_html\/operincsas.com\/wp-json\/wp\/v2\/pages\/9\/revisions"}],"predecessor-version":[{"id":494,"href":"https:\/\/operincsas.com\/public_html\/operincsas.com\/wp-json\/wp\/v2\/pages\/9\/revisions\/494"}],"wp:attachment":[{"href":"https:\/\/operincsas.com\/public_html\/operincsas.com\/wp-json\/wp\/v2\/media?parent=9"}],"curies":[{"name":"wp","href":"https:\/\/api.w.org\/{rel}","templated":true}]}}