{"id":389,"date":"2020-12-27T15:53:11","date_gmt":"2020-12-27T15:53:11","guid":{"rendered":"http:\/\/operincsas.com\/public_html\/operincsas.com\/?page_id=389"},"modified":"2021-02-05T16:59:42","modified_gmt":"2021-02-05T16:59:42","slug":"389-2","status":"publish","type":"page","link":"https:\/\/operincsas.com\/public_html\/operincsas.com\/389-2\/","title":{"rendered":"Cont\u00e1ctenos"},"content":{"rendered":"\t\t<div data-elementor-type=\"wp-page\" data-elementor-id=\"389\" class=\"elementor elementor-389\" data-elementor-settings=\"[]\">\n\t\t\t\t\t\t<div class=\"elementor-inner\">\n\t\t\t\t\t\t\t<div class=\"elementor-section-wrap\">\n\t\t\t\t\t\t\t<section class=\"elementor-section elementor-top-section elementor-element elementor-element-12ab9d43 elementor-section-boxed elementor-section-height-default elementor-section-height-default\" data-id=\"12ab9d43\" data-element_type=\"section\">\n\t\t\t\t\t\t<div class=\"elementor-container elementor-column-gap-default\">\n\t\t\t\t\t\t\t<div class=\"elementor-row\">\n\t\t\t\t\t<div class=\"elementor-column elementor-col-100 elementor-top-column elementor-element elementor-element-711b4633\" data-id=\"711b4633\" data-element_type=\"column\">\n\t\t\t<div class=\"elementor-column-wrap elementor-element-populated\">\n\t\t\t\t\t\t\t<div class=\"elementor-widget-wrap\">\n\t\t\t\t\t\t<div class=\"elementor-element elementor-element-55ce0774 elementor-widget elementor-widget-text-editor\" data-id=\"55ce0774\" data-element_type=\"widget\" data-widget_type=\"text-editor.default\">\n\t\t\t\t<div class=\"elementor-widget-container\">\n\t\t\t\t\t<div class=\"elementor-text-editor elementor-clearfix\"><!-- wp:shortcode -->\n<div role=\"form\" class=\"wpcf7\" id=\"wpcf7-f368-o1\" lang=\"es-ES\" dir=\"ltr\">\n<div class=\"screen-reader-response\"><p role=\"status\" aria-live=\"polite\" aria-atomic=\"true\"><\/p> <ul><\/ul><\/div>\n<form action=\"\/public_html\/operincsas.com\/wp-json\/wp\/v2\/pages\/389#wpcf7-f368-o1\" method=\"post\" class=\"wpcf7-form init\" novalidate=\"novalidate\" data-status=\"init\">\n<div style=\"display: none;\">\n<input type=\"hidden\" name=\"_wpcf7\" value=\"368\" \/>\n<input type=\"hidden\" name=\"_wpcf7_version\" value=\"5.3.2\" \/>\n<input type=\"hidden\" name=\"_wpcf7_locale\" value=\"es_ES\" \/>\n<input type=\"hidden\" name=\"_wpcf7_unit_tag\" value=\"wpcf7-f368-o1\" \/>\n<input type=\"hidden\" name=\"_wpcf7_container_post\" value=\"0\" \/>\n<input type=\"hidden\" name=\"_wpcf7_posted_data_hash\" value=\"\" \/>\n<\/div>\n<p><label> Nombre y Apellido<br \/>\n    <span class=\"wpcf7-form-control-wrap your-name\"><input type=\"text\" name=\"your-name\" value=\"\" size=\"40\" class=\"wpcf7-form-control wpcf7-text wpcf7-validates-as-required\" aria-required=\"true\" aria-invalid=\"false\" \/><\/span> <\/label><\/p>\n<p><label> Correo electr\u00f3nico<br \/>\n    <span class=\"wpcf7-form-control-wrap your-email\"><input type=\"email\" name=\"your-email\" value=\"\" size=\"40\" class=\"wpcf7-form-control wpcf7-text wpcf7-email wpcf7-validates-as-required wpcf7-validates-as-email\" aria-required=\"true\" aria-invalid=\"false\" \/><\/span> <\/label><\/p>\n<p><label> Asunto<br \/>\n    <span class=\"wpcf7-form-control-wrap your-subject\"><input type=\"text\" name=\"your-subject\" value=\"\" size=\"40\" class=\"wpcf7-form-control wpcf7-text wpcf7-validates-as-required\" aria-required=\"true\" aria-invalid=\"false\" \/><\/span> <\/label><\/p>\n<p><label> Mensaje<br \/>\n    <span class=\"wpcf7-form-control-wrap your-message\"><textarea name=\"your-message\" cols=\"40\" rows=\"10\" class=\"wpcf7-form-control wpcf7-textarea\" aria-invalid=\"false\"><\/textarea><\/span> <\/label><\/p>\n<p> <span class=\"wpcf7-form-control-wrap acceptance-923\"><span class=\"wpcf7-form-control wpcf7-acceptance\"><span class=\"wpcf7-list-item\"><input type=\"checkbox\" name=\"acceptance-923\" value=\"1\" aria-invalid=\"false\" \/><\/span><\/span><\/span> Acepto las pol\u00edticas de privacidad<\/p>\n<p><input type=\"submit\" value=\"Enviar\" class=\"wpcf7-form-control wpcf7-submit\" \/><\/p>\n<div class=\"wpcf7-response-output\" aria-hidden=\"true\"><\/div><\/form><\/div>\n<!-- \/wp:shortcode -->\n\n<!-- wp:paragraph {\"align\":\"center\"} -->\n<p class=\"has-text-align-center\">Direcci\u00f3n: Balcones del Libertador Mz E, Casa 12, Santa Marta &#8211; Colombia; Tel\u00e9fonos: (+57) 3157385703, 3014053731; E-mail: info@operincsas.com &#8211;  comercial@oprincsas.com<\/p>\n<!-- \/wp:paragraph --><\/div>\n\t\t\t\t<\/div>\n\t\t\t\t<\/div>\n\t\t\t\t<div class=\"elementor-element elementor-element-5699ff0 elementor-widget elementor-widget-google_maps\" data-id=\"5699ff0\" data-element_type=\"widget\" data-widget_type=\"google_maps.default\">\n\t\t\t\t<div class=\"elementor-widget-container\">\n\t\t\t<div class=\"elementor-custom-embed\"><iframe frameborder=\"0\" scrolling=\"no\" marginheight=\"0\" marginwidth=\"0\" src=\"https:\/\/maps.google.com\/maps?q=11.241677284240723%2C-74.18026733398438&amp;t=m&amp;z=10&amp;output=embed&amp;iwloc=near\" title=\"11.241677284240723,-74.18026733398438\" aria-label=\"11.241677284240723,-74.18026733398438\"><\/iframe><\/div>\t\t<\/div>\n\t\t\t\t<\/div>\n\t\t\t\t\t\t<\/div>\n\t\t\t\t\t<\/div>\n\t\t<\/div>\n\t\t\t\t\t\t\t\t<\/div>\n\t\t\t\t\t<\/div>\n\t\t<\/section>\n\t\t\t\t<section class=\"elementor-section elementor-top-section elementor-element elementor-element-fba9888 elementor-section-boxed elementor-section-height-default elementor-section-height-default\" data-id=\"fba9888\" data-element_type=\"section\">\n\t\t\t\t\t\t<div class=\"elementor-container elementor-column-gap-default\">\n\t\t\t\t\t\t\t<div class=\"elementor-row\">\n\t\t\t\t\t<div class=\"elementor-column elementor-col-100 elementor-top-column elementor-element elementor-element-5866162\" data-id=\"5866162\" data-element_type=\"column\">\n\t\t\t<div class=\"elementor-column-wrap elementor-element-populated\">\n\t\t\t\t\t\t\t<div class=\"elementor-widget-wrap\">\n\t\t\t\t\t\t<div class=\"elementor-element elementor-element-2acd531 elementor-align-right elementor-widget elementor-widget-button\" data-id=\"2acd531\" data-element_type=\"widget\" data-widget_type=\"button.default\">\n\t\t\t\t<div class=\"elementor-widget-container\">\n\t\t\t\t\t<div class=\"elementor-button-wrapper\">\n\t\t\t<a href=\"http:\/\/operincsas.com\/public_html\/operincsas.com\/\" class=\"elementor-button-link elementor-button elementor-size-sm\" role=\"button\">\n\t\t\t\t\t\t<span class=\"elementor-button-content-wrapper\">\n\t\t\t\t\t\t<span class=\"elementor-button-text\">Volver<\/span>\n\t\t<\/span>\n\t\t\t\t\t<\/a>\n\t\t<\/div>\n\t\t\t\t<\/div>\n\t\t\t\t<\/div>\n\t\t\t\t\t\t<\/div>\n\t\t\t\t\t<\/div>\n\t\t<\/div>\n\t\t\t\t\t\t\t\t<\/div>\n\t\t\t\t\t<\/div>\n\t\t<\/section>\n\t\t\t\t<section class=\"elementor-section elementor-top-section elementor-element elementor-element-69068e4 elementor-section-boxed elementor-section-height-default elementor-section-height-default\" data-id=\"69068e4\" data-element_type=\"section\">\n\t\t\t\t\t\t<div class=\"elementor-container elementor-column-gap-default\">\n\t\t\t\t\t\t\t<div class=\"elementor-row\">\n\t\t\t\t\t<div class=\"elementor-column elementor-col-100 elementor-top-column elementor-element elementor-element-c75e103\" data-id=\"c75e103\" data-element_type=\"column\">\n\t\t\t<div class=\"elementor-column-wrap elementor-element-populated\">\n\t\t\t\t\t\t\t<div class=\"elementor-widget-wrap\">\n\t\t\t\t\t\t<div class=\"elementor-element elementor-element-0bed334 elementor-widget elementor-widget-text-editor\" data-id=\"0bed334\" data-element_type=\"widget\" data-widget_type=\"text-editor.default\">\n\t\t\t\t<div class=\"elementor-widget-container\">\n\t\t\t\t\t<div class=\"elementor-text-editor elementor-clearfix\"><p>Gr\u00faas gruas gr\u00faa grua metalmec\u00e1nica metalmecanica portuarios portuaria portuario<\/p><\/div>\n\t\t\t\t<\/div>\n\t\t\t\t<\/div>\n\t\t\t\t\t\t<\/div>\n\t\t\t\t\t<\/div>\n\t\t<\/div>\n\t\t\t\t\t\t\t\t<\/div>\n\t\t\t\t\t<\/div>\n\t\t<\/section>\n\t\t\t\t\t\t<\/div>\n\t\t\t\t\t\t<\/div>\n\t\t\t\t\t<\/div>\n\t\t","protected":false},"excerpt":{"rendered":"<p>Direcci\u00f3n: Balcones del Libertador Mz E, Casa 12, Santa Marta &#8211; Colombia; Tel\u00e9fonos: (+57) 3157385703, 3014053731; E-mail: info@operincsas.com &#8211; comercial@oprincsas.com Volver Gr\u00faas gruas gr\u00faa grua metalmec\u00e1nica metalmecanica portuarios portuaria portuario<\/p>\n","protected":false},"author":1,"featured_media":0,"parent":0,"menu_order":0,"comment_status":"closed","ping_status":"closed","template":"","meta":{"footnotes":""},"class_list":["post-389","page","type-page","status-publish","hentry"],"yoast_head":"<!-- This site is optimized with the Yoast SEO plugin v16.0.2 - https:\/\/yoast.com\/wordpress\/plugins\/seo\/ -->\n<title>Cont\u00e1ctenos - Gruas Metalmecanica Santa Marta Magdalena Colombia Gr\u00faas Metalmec\u00e1nica<\/title>\n<link rel=\"canonical\" href=\"https:\/\/operincsas.com\/public_html\/operincsas.com\/389-2\/\" \/>\n<meta property=\"og:locale\" content=\"es_ES\" \/>\n<meta property=\"og:type\" content=\"article\" \/>\n<meta property=\"og:title\" content=\"Cont\u00e1ctenos - Gruas Metalmecanica Santa Marta Magdalena Colombia Gr\u00faas Metalmec\u00e1nica\" \/>\n<meta property=\"og:description\" content=\"Direcci\u00f3n: Balcones del Libertador Mz E, Casa 12, Santa Marta &#8211; Colombia; Tel\u00e9fonos: (+57) 3157385703, 3014053731; E-mail: info@operincsas.com &#8211; comercial@oprincsas.com Volver Gr\u00faas gruas gr\u00faa grua metalmec\u00e1nica metalmecanica portuarios portuaria portuario\" \/>\n<meta property=\"og:url\" content=\"https:\/\/operincsas.com\/public_html\/operincsas.com\/389-2\/\" \/>\n<meta property=\"og:site_name\" content=\"Gruas Metalmecanica Santa Marta Magdalena Colombia Gr\u00faas Metalmec\u00e1nica\" \/>\n<meta property=\"article:modified_time\" content=\"2021-02-05T16:59:42+00:00\" \/>\n<meta name=\"twitter:card\" content=\"summary_large_image\" \/>\n<meta name=\"twitter:label1\" content=\"Tiempo de lectura\">\n\t<meta name=\"twitter:data1\" content=\"1 minuto\">\n<script type=\"application\/ld+json\" class=\"yoast-schema-graph\">{\"@context\":\"https:\/\/schema.org\",\"@graph\":[{\"@type\":\"Organization\",\"@id\":\"https:\/\/operincsas.com\/public_html\/operincsas.com\/#organization\",\"name\":\"Operinc SAS\",\"url\":\"https:\/\/operincsas.com\/public_html\/operincsas.com\/\",\"sameAs\":[],\"logo\":{\"@type\":\"ImageObject\",\"@id\":\"https:\/\/operincsas.com\/public_html\/operincsas.com\/#logo\",\"inLanguage\":\"es\",\"url\":\"https:\/\/operincsas.com\/wp-content\/uploads\/2020\/12\/logo-operinc.jpg\",\"width\":1117,\"height\":272,\"caption\":\"Operinc SAS\"},\"image\":{\"@id\":\"https:\/\/operincsas.com\/public_html\/operincsas.com\/#logo\"}},{\"@type\":\"WebSite\",\"@id\":\"https:\/\/operincsas.com\/public_html\/operincsas.com\/#website\",\"url\":\"https:\/\/operincsas.com\/public_html\/operincsas.com\/\",\"name\":\"Gruas Metalmecanica Santa Marta Magdalena Colombia Gr\\u00faas Metalmec\\u00e1nica\",\"description\":\"Gruas Metalmecanica Santa Marta Magdalena Colombia\",\"publisher\":{\"@id\":\"https:\/\/operincsas.com\/public_html\/operincsas.com\/#organization\"},\"potentialAction\":[{\"@type\":\"SearchAction\",\"target\":\"https:\/\/operincsas.com\/public_html\/operincsas.com\/?s={search_term_string}\",\"query-input\":\"required name=search_term_string\"}],\"inLanguage\":\"es\"},{\"@type\":\"WebPage\",\"@id\":\"https:\/\/operincsas.com\/public_html\/operincsas.com\/389-2\/#webpage\",\"url\":\"https:\/\/operincsas.com\/public_html\/operincsas.com\/389-2\/\",\"name\":\"Cont\\u00e1ctenos - Gruas Metalmecanica Santa Marta Magdalena Colombia Gr\\u00faas Metalmec\\u00e1nica\",\"isPartOf\":{\"@id\":\"https:\/\/operincsas.com\/public_html\/operincsas.com\/#website\"},\"datePublished\":\"2020-12-27T15:53:11+00:00\",\"dateModified\":\"2021-02-05T16:59:42+00:00\",\"breadcrumb\":{\"@id\":\"https:\/\/operincsas.com\/public_html\/operincsas.com\/389-2\/#breadcrumb\"},\"inLanguage\":\"es\",\"potentialAction\":[{\"@type\":\"ReadAction\",\"target\":[\"https:\/\/operincsas.com\/public_html\/operincsas.com\/389-2\/\"]}]},{\"@type\":\"BreadcrumbList\",\"@id\":\"https:\/\/operincsas.com\/public_html\/operincsas.com\/389-2\/#breadcrumb\",\"itemListElement\":[{\"@type\":\"ListItem\",\"position\":1,\"item\":{\"@type\":\"WebPage\",\"@id\":\"https:\/\/operincsas.com\/public_html\/operincsas.com\/\",\"url\":\"https:\/\/operincsas.com\/public_html\/operincsas.com\/\",\"name\":\"Gruas Santa Marta\"}},{\"@type\":\"ListItem\",\"position\":2,\"item\":{\"@type\":\"WebPage\",\"@id\":\"https:\/\/operincsas.com\/public_html\/operincsas.com\/389-2\/\",\"url\":\"https:\/\/operincsas.com\/public_html\/operincsas.com\/389-2\/\",\"name\":\"Cont\\u00e1ctenos\"}}]}]}<\/script>\n<!-- \/ Yoast SEO plugin. -->","_links":{"self":[{"href":"https:\/\/operincsas.com\/public_html\/operincsas.com\/wp-json\/wp\/v2\/pages\/389","targetHints":{"allow":["GET"]}}],"collection":[{"href":"https:\/\/operincsas.com\/public_html\/operincsas.com\/wp-json\/wp\/v2\/pages"}],"about":[{"href":"https:\/\/operincsas.com\/public_html\/operincsas.com\/wp-json\/wp\/v2\/types\/page"}],"author":[{"embeddable":true,"href":"https:\/\/operincsas.com\/public_html\/operincsas.com\/wp-json\/wp\/v2\/users\/1"}],"replies":[{"embeddable":true,"href":"https:\/\/operincsas.com\/public_html\/operincsas.com\/wp-json\/wp\/v2\/comments?post=389"}],"version-history":[{"count":16,"href":"https:\/\/operincsas.com\/public_html\/operincsas.com\/wp-json\/wp\/v2\/pages\/389\/revisions"}],"predecessor-version":[{"id":472,"href":"https:\/\/operincsas.com\/public_html\/operincsas.com\/wp-json\/wp\/v2\/pages\/389\/revisions\/472"}],"wp:attachment":[{"href":"https:\/\/operincsas.com\/public_html\/operincsas.com\/wp-json\/wp\/v2\/media?parent=389"}],"curies":[{"name":"wp","href":"https:\/\/api.w.org\/{rel}","templated":true}]}}