{"id":176,"date":"2020-12-21T17:22:55","date_gmt":"2020-12-21T17:22:55","guid":{"rendered":"http:\/\/operincsas.com\/public_html\/operincsas.com\/?page_id=176"},"modified":"2021-02-05T16:40:54","modified_gmt":"2021-02-05T16:40:54","slug":"quienes-somos","status":"publish","type":"page","link":"https:\/\/operincsas.com\/public_html\/operincsas.com\/quienes-somos\/","title":{"rendered":"Quienes somos"},"content":{"rendered":"\t\t<div data-elementor-type=\"wp-page\" data-elementor-id=\"176\" class=\"elementor elementor-176\" data-elementor-settings=\"[]\">\n\t\t\t\t\t\t<div class=\"elementor-inner\">\n\t\t\t\t\t\t\t<div class=\"elementor-section-wrap\">\n\t\t\t\t\t\t\t<section class=\"elementor-section elementor-top-section elementor-element elementor-element-29fece38 elementor-section-content-middle elementor-section-boxed elementor-section-height-default elementor-section-height-default\" data-id=\"29fece38\" data-element_type=\"section\" data-settings=\"{&quot;background_background&quot;:&quot;slideshow&quot;,&quot;shape_divider_top&quot;:&quot;opacity-tilt&quot;,&quot;background_slideshow_gallery&quot;:[],&quot;background_slideshow_loop&quot;:&quot;yes&quot;,&quot;background_slideshow_slide_duration&quot;:5000,&quot;background_slideshow_slide_transition&quot;:&quot;fade&quot;,&quot;background_slideshow_transition_duration&quot;:500}\">\n\t\t\t\t\t<div class=\"elementor-shape elementor-shape-top\" data-negative=\"false\">\n\t\t\t<svg xmlns=\"http:\/\/www.w3.org\/2000\/svg\" viewBox=\"0 0 2600 131.1\" preserveAspectRatio=\"none\">\n\t<path class=\"elementor-shape-fill\" d=\"M0 0L2600 0 2600 69.1 0 0z\"\/>\n\t<path class=\"elementor-shape-fill\" style=\"opacity:0.5\" d=\"M0 0L2600 0 2600 69.1 0 69.1z\"\/>\n\t<path class=\"elementor-shape-fill\" style=\"opacity:0.25\" d=\"M2600 0L0 0 0 130.1 2600 69.1z\"\/>\n<\/svg>\t\t<\/div>\n\t\t\t\t\t<div class=\"elementor-container elementor-column-gap-no\">\n\t\t\t\t\t\t\t<div class=\"elementor-row\">\n\t\t\t\t\t<div class=\"elementor-column elementor-col-100 elementor-top-column elementor-element elementor-element-1aa32ad7\" data-id=\"1aa32ad7\" data-element_type=\"column\">\n\t\t\t<div class=\"elementor-column-wrap elementor-element-populated\">\n\t\t\t\t\t\t\t<div class=\"elementor-widget-wrap\">\n\t\t\t\t\t\t<div class=\"elementor-element elementor-element-1a434928 elementor-widget elementor-widget-heading\" data-id=\"1a434928\" data-element_type=\"widget\" data-widget_type=\"heading.default\">\n\t\t\t\t<div class=\"elementor-widget-container\">\n\t\t\t<h4 class=\"elementor-heading-title elementor-size-default\">\u00bfQuienes somos?<\/h4>\t\t<\/div>\n\t\t\t\t<\/div>\n\t\t\t\t<section class=\"elementor-section elementor-inner-section elementor-element elementor-element-365b7a55 elementor-section-content-middle elementor-section-boxed elementor-section-height-default elementor-section-height-default\" data-id=\"365b7a55\" data-element_type=\"section\">\n\t\t\t\t\t\t<div class=\"elementor-container elementor-column-gap-no\">\n\t\t\t\t\t\t\t<div class=\"elementor-row\">\n\t\t\t\t\t<div class=\"elementor-column elementor-col-33 elementor-inner-column elementor-element elementor-element-689ed73e\" data-id=\"689ed73e\" data-element_type=\"column\">\n\t\t\t<div class=\"elementor-column-wrap elementor-element-populated\">\n\t\t\t\t\t\t\t<div class=\"elementor-widget-wrap\">\n\t\t\t\t\t\t<div class=\"elementor-element elementor-element-34d4d06e elementor-widget elementor-widget-image\" data-id=\"34d4d06e\" data-element_type=\"widget\" data-widget_type=\"image.default\">\n\t\t\t\t<div class=\"elementor-widget-container\">\n\t\t\t\t\t<div class=\"elementor-image\">\n\t\t\t\t\t\t\t\t\t\t<img decoding=\"async\" src=\"https:\/\/operincsas.com\/wp-content\/uploads\/2020\/12\/f110ca39-d5f6-4b82-b310-34703d290e69.jpg\" title=\"f110ca39-d5f6-4b82-b310-34703d290e69\" alt=\"f110ca39-d5f6-4b82-b310-34703d290e69\" \/>\t\t\t\t\t\t\t\t\t\t\t<\/div>\n\t\t\t\t<\/div>\n\t\t\t\t<\/div>\n\t\t\t\t\t\t<\/div>\n\t\t\t\t\t<\/div>\n\t\t<\/div>\n\t\t\t\t<div class=\"elementor-column elementor-col-33 elementor-inner-column elementor-element elementor-element-1c877044\" data-id=\"1c877044\" data-element_type=\"column\">\n\t\t\t<div class=\"elementor-column-wrap elementor-element-populated\">\n\t\t\t\t\t\t\t<div class=\"elementor-widget-wrap\">\n\t\t\t\t\t\t<div class=\"elementor-element elementor-element-504ac7fc elementor-widget elementor-widget-heading\" data-id=\"504ac7fc\" data-element_type=\"widget\" data-widget_type=\"heading.default\">\n\t\t\t\t<div class=\"elementor-widget-container\">\n\t\t\t<h6 class=\"elementor-heading-title elementor-size-default\">Somos una empresa creada en el 2012, con una gran visi\u00f3n y personal altamente calificado, certificado, y de amplio conocimiento en los servicios ofrecidos...<\/h6>\t\t<\/div>\n\t\t\t\t<\/div>\n\t\t\t\t<div class=\"elementor-element elementor-element-70505a71 elementor-widget elementor-widget-text-editor\" data-id=\"70505a71\" data-element_type=\"widget\" data-widget_type=\"text-editor.default\">\n\t\t\t\t<div class=\"elementor-widget-container\">\n\t\t\t\t\t<div class=\"elementor-text-editor elementor-clearfix\"><\/div>\n\t\t\t\t<\/div>\n\t\t\t\t<\/div>\n\t\t\t\t\t\t<\/div>\n\t\t\t\t\t<\/div>\n\t\t<\/div>\n\t\t\t\t<div class=\"elementor-column elementor-col-33 elementor-inner-column elementor-element elementor-element-15696c4e\" data-id=\"15696c4e\" data-element_type=\"column\">\n\t\t\t<div class=\"elementor-column-wrap elementor-element-populated\">\n\t\t\t\t\t\t\t<div class=\"elementor-widget-wrap\">\n\t\t\t\t\t\t<div class=\"elementor-element elementor-element-50f3b6db elementor-widget elementor-widget-image\" data-id=\"50f3b6db\" data-element_type=\"widget\" data-widget_type=\"image.default\">\n\t\t\t\t<div class=\"elementor-widget-container\">\n\t\t\t\t\t<div class=\"elementor-image\">\n\t\t\t\t\t\t\t\t\t\t<img decoding=\"async\" src=\"https:\/\/operincsas.com\/wp-content\/uploads\/2020\/12\/2fbb3f6e-5b08-4442-aba7-c895c1d6df12.jpg\" title=\"2fbb3f6e-5b08-4442-aba7-c895c1d6df12\" alt=\"2fbb3f6e-5b08-4442-aba7-c895c1d6df12\" \/>\t\t\t\t\t\t\t\t\t\t\t<\/div>\n\t\t\t\t<\/div>\n\t\t\t\t<\/div>\n\t\t\t\t\t\t<\/div>\n\t\t\t\t\t<\/div>\n\t\t<\/div>\n\t\t\t\t\t\t\t\t<\/div>\n\t\t\t\t\t<\/div>\n\t\t<\/section>\n\t\t\t\t<section class=\"elementor-section elementor-inner-section elementor-element elementor-element-4bbf0996 elementor-section-content-middle elementor-section-boxed elementor-section-height-default elementor-section-height-default\" data-id=\"4bbf0996\" data-element_type=\"section\">\n\t\t\t\t\t\t<div class=\"elementor-container elementor-column-gap-no\">\n\t\t\t\t\t\t\t<div class=\"elementor-row\">\n\t\t\t\t\t<div class=\"elementor-column elementor-col-33 elementor-inner-column elementor-element elementor-element-54968dd6\" data-id=\"54968dd6\" data-element_type=\"column\">\n\t\t\t<div class=\"elementor-column-wrap elementor-element-populated\">\n\t\t\t\t\t\t\t<div class=\"elementor-widget-wrap\">\n\t\t\t\t\t\t<div class=\"elementor-element elementor-element-d573f2d elementor-widget elementor-widget-heading\" data-id=\"d573f2d\" data-element_type=\"widget\" data-widget_type=\"heading.default\">\n\t\t\t\t<div class=\"elementor-widget-container\">\n\t\t\t<h6 class=\"elementor-heading-title elementor-size-default\">Prestamos soporte las 24 horas del d\u00eda. Gracias a nuestra experiencia en las \u00e1reas industrial portuaria y minera, entendemos la necesidad del servicio en cualquier momento...<\/h6>\t\t<\/div>\n\t\t\t\t<\/div>\n\t\t\t\t<div class=\"elementor-element elementor-element-41cfebaf elementor-widget elementor-widget-text-editor\" data-id=\"41cfebaf\" data-element_type=\"widget\" data-widget_type=\"text-editor.default\">\n\t\t\t\t<div class=\"elementor-widget-container\">\n\t\t\t\t\t<div class=\"elementor-text-editor elementor-clearfix\"><\/div>\n\t\t\t\t<\/div>\n\t\t\t\t<\/div>\n\t\t\t\t\t\t<\/div>\n\t\t\t\t\t<\/div>\n\t\t<\/div>\n\t\t\t\t<div class=\"elementor-column elementor-col-33 elementor-inner-column elementor-element elementor-element-69a16ba9\" data-id=\"69a16ba9\" data-element_type=\"column\">\n\t\t\t<div class=\"elementor-column-wrap elementor-element-populated\">\n\t\t\t\t\t\t\t<div class=\"elementor-widget-wrap\">\n\t\t\t\t\t\t<div class=\"elementor-element elementor-element-35ce07b9 elementor-widget elementor-widget-image\" data-id=\"35ce07b9\" data-element_type=\"widget\" data-widget_type=\"image.default\">\n\t\t\t\t<div class=\"elementor-widget-container\">\n\t\t\t\t\t<div class=\"elementor-image\">\n\t\t\t\t\t\t\t\t\t\t<img decoding=\"async\" src=\"https:\/\/operincsas.com\/wp-content\/uploads\/2020\/12\/b2f728ba-a4cb-4584-ba94-fa93a2d68151-rotated.jpg\" title=\"b2f728ba-a4cb-4584-ba94-fa93a2d68151\" alt=\"b2f728ba-a4cb-4584-ba94-fa93a2d68151\" \/>\t\t\t\t\t\t\t\t\t\t\t<\/div>\n\t\t\t\t<\/div>\n\t\t\t\t<\/div>\n\t\t\t\t\t\t<\/div>\n\t\t\t\t\t<\/div>\n\t\t<\/div>\n\t\t\t\t<div class=\"elementor-column elementor-col-33 elementor-inner-column elementor-element elementor-element-6f036a25\" data-id=\"6f036a25\" data-element_type=\"column\">\n\t\t\t<div class=\"elementor-column-wrap elementor-element-populated\">\n\t\t\t\t\t\t\t<div class=\"elementor-widget-wrap\">\n\t\t\t\t\t\t<div class=\"elementor-element elementor-element-739c13dc elementor-widget elementor-widget-heading\" data-id=\"739c13dc\" data-element_type=\"widget\" data-widget_type=\"heading.default\">\n\t\t\t\t<div class=\"elementor-widget-container\">\n\t\t\t<h6 class=\"elementor-heading-title elementor-size-default\">Queremos ser lideres en las \u00e1reas donde nos desempe\u00f1amos, trabajando oportunamente, aplicando los mejores est\u00e1ndares de calidad, y cuidando el medio ambiente.<\/h6>\t\t<\/div>\n\t\t\t\t<\/div>\n\t\t\t\t<div class=\"elementor-element elementor-element-2136cf25 elementor-widget elementor-widget-text-editor\" data-id=\"2136cf25\" data-element_type=\"widget\" data-widget_type=\"text-editor.default\">\n\t\t\t\t<div class=\"elementor-widget-container\">\n\t\t\t\t\t<div class=\"elementor-text-editor elementor-clearfix\"><\/div>\n\t\t\t\t<\/div>\n\t\t\t\t<\/div>\n\t\t\t\t\t\t<\/div>\n\t\t\t\t\t<\/div>\n\t\t<\/div>\n\t\t\t\t\t\t\t\t<\/div>\n\t\t\t\t\t<\/div>\n\t\t<\/section>\n\t\t\t\t\t\t<\/div>\n\t\t\t\t\t<\/div>\n\t\t<\/div>\n\t\t\t\t\t\t\t\t<\/div>\n\t\t\t\t\t<\/div>\n\t\t<\/section>\n\t\t\t\t<section class=\"elementor-section elementor-top-section elementor-element elementor-element-ea0ca3b elementor-section-boxed elementor-section-height-default elementor-section-height-default\" data-id=\"ea0ca3b\" data-element_type=\"section\">\n\t\t\t\t\t\t<div class=\"elementor-container elementor-column-gap-default\">\n\t\t\t\t\t\t\t<div class=\"elementor-row\">\n\t\t\t\t\t<div class=\"elementor-column elementor-col-100 elementor-top-column elementor-element elementor-element-c54896a\" data-id=\"c54896a\" data-element_type=\"column\">\n\t\t\t<div class=\"elementor-column-wrap elementor-element-populated\">\n\t\t\t\t\t\t\t<div class=\"elementor-widget-wrap\">\n\t\t\t\t\t\t<div class=\"elementor-element elementor-element-cd6075c elementor-align-right elementor-widget elementor-widget-button\" data-id=\"cd6075c\" data-element_type=\"widget\" data-widget_type=\"button.default\">\n\t\t\t\t<div class=\"elementor-widget-container\">\n\t\t\t\t\t<div class=\"elementor-button-wrapper\">\n\t\t\t<a href=\"http:\/\/operincsas.com\/public_html\/operincsas.com\/\" class=\"elementor-button-link elementor-button elementor-size-sm\" role=\"button\">\n\t\t\t\t\t\t<span class=\"elementor-button-content-wrapper\">\n\t\t\t\t\t\t<span class=\"elementor-button-text\">Volver<\/span>\n\t\t<\/span>\n\t\t\t\t\t<\/a>\n\t\t<\/div>\n\t\t\t\t<\/div>\n\t\t\t\t<\/div>\n\t\t\t\t\t\t<\/div>\n\t\t\t\t\t<\/div>\n\t\t<\/div>\n\t\t\t\t\t\t\t\t<\/div>\n\t\t\t\t\t<\/div>\n\t\t<\/section>\n\t\t\t\t\t\t<\/div>\n\t\t\t\t\t\t<\/div>\n\t\t\t\t\t<\/div>\n\t\t","protected":false},"excerpt":{"rendered":"<p>\u00bfQuienes somos? Somos una empresa creada en el 2012, con una gran visi\u00f3n y personal altamente calificado, certificado, y de amplio conocimiento en los servicios ofrecidos&#8230; Prestamos soporte las 24 horas del d\u00eda. Gracias a nuestra experiencia en las \u00e1reas industrial portuaria y minera, entendemos la necesidad del servicio en cualquier momento&#8230; Queremos ser lideres &hellip;<\/p>\n<p class=\"read-more\"> <a class=\"\" href=\"https:\/\/operincsas.com\/public_html\/operincsas.com\/quienes-somos\/\"> <span class=\"screen-reader-text\">Quienes somos<\/span> Leer m\u00e1s &raquo;<\/a><\/p>\n","protected":false},"author":1,"featured_media":0,"parent":0,"menu_order":0,"comment_status":"closed","ping_status":"closed","template":"","meta":{"footnotes":""},"class_list":["post-176","page","type-page","status-publish","hentry"],"yoast_head":"<!-- This site is optimized with the Yoast SEO plugin v16.0.2 - https:\/\/yoast.com\/wordpress\/plugins\/seo\/ -->\n<title>Quienes somos - Gruas Metalmecanica Santa Marta Magdalena Colombia Gr\u00faas Metalmec\u00e1nica<\/title>\n<meta property=\"og:locale\" content=\"es_ES\" \/>\n<meta property=\"og:type\" content=\"article\" \/>\n<meta property=\"og:title\" content=\"Quienes somos - Gruas Metalmecanica Santa Marta Magdalena Colombia Gr\u00faas Metalmec\u00e1nica\" \/>\n<meta property=\"og:description\" content=\"\u00bfQuienes somos? Somos una empresa creada en el 2012, con una gran visi\u00f3n y personal altamente calificado, certificado, y de amplio conocimiento en los servicios ofrecidos&#8230; Prestamos soporte las 24 horas del d\u00eda. Gracias a nuestra experiencia en las \u00e1reas industrial portuaria y minera, entendemos la necesidad del servicio en cualquier momento&#8230; Queremos ser lideres &hellip; Quienes somos Leer m\u00e1s &raquo;\" \/>\n<meta property=\"og:url\" content=\"https:\/\/operincsas.com\/public_html\/operincsas.com\/quienes-somos\/\" \/>\n<meta property=\"og:site_name\" content=\"Gruas Metalmecanica Santa Marta Magdalena Colombia Gr\u00faas Metalmec\u00e1nica\" \/>\n<meta property=\"article:modified_time\" content=\"2021-02-05T16:40:54+00:00\" \/>\n<meta property=\"og:image\" content=\"http:\/\/operincsas.com\/wp-content\/uploads\/elementor\/thumbs\/f110ca39-d5f6-4b82-b310-34703d290e69-p08y7z88knyrvtmca59phz5bkzgtt6ko4bvb685c6w.jpg\" \/>\n<meta name=\"twitter:card\" content=\"summary_large_image\" \/>\n<meta name=\"twitter:label1\" content=\"Tiempo de lectura\">\n\t<meta name=\"twitter:data1\" content=\"1 minuto\">\n<script type=\"application\/ld+json\" class=\"yoast-schema-graph\">{\"@context\":\"https:\/\/schema.org\",\"@graph\":[{\"@type\":\"Organization\",\"@id\":\"https:\/\/operincsas.com\/public_html\/operincsas.com\/#organization\",\"name\":\"Operinc SAS\",\"url\":\"https:\/\/operincsas.com\/public_html\/operincsas.com\/\",\"sameAs\":[],\"logo\":{\"@type\":\"ImageObject\",\"@id\":\"https:\/\/operincsas.com\/public_html\/operincsas.com\/#logo\",\"inLanguage\":\"es\",\"url\":\"https:\/\/operincsas.com\/wp-content\/uploads\/2020\/12\/logo-operinc.jpg\",\"width\":1117,\"height\":272,\"caption\":\"Operinc SAS\"},\"image\":{\"@id\":\"https:\/\/operincsas.com\/public_html\/operincsas.com\/#logo\"}},{\"@type\":\"WebSite\",\"@id\":\"https:\/\/operincsas.com\/public_html\/operincsas.com\/#website\",\"url\":\"https:\/\/operincsas.com\/public_html\/operincsas.com\/\",\"name\":\"Gruas Metalmecanica Santa Marta Magdalena Colombia Gr\\u00faas Metalmec\\u00e1nica\",\"description\":\"Gruas Metalmecanica Santa Marta Magdalena Colombia\",\"publisher\":{\"@id\":\"https:\/\/operincsas.com\/public_html\/operincsas.com\/#organization\"},\"potentialAction\":[{\"@type\":\"SearchAction\",\"target\":\"https:\/\/operincsas.com\/public_html\/operincsas.com\/?s={search_term_string}\",\"query-input\":\"required name=search_term_string\"}],\"inLanguage\":\"es\"},{\"@type\":\"ImageObject\",\"@id\":\"https:\/\/operincsas.com\/public_html\/operincsas.com\/quienes-somos\/#primaryimage\",\"inLanguage\":\"es\",\"url\":\"http:\/\/operincsas.com\/wp-content\/uploads\/elementor\/thumbs\/f110ca39-d5f6-4b82-b310-34703d290e69-p08y7z88knyrvtmca59phz5bkzgtt6ko4bvb685c6w.jpg\"},{\"@type\":\"WebPage\",\"@id\":\"https:\/\/operincsas.com\/public_html\/operincsas.com\/quienes-somos\/#webpage\",\"url\":\"https:\/\/operincsas.com\/public_html\/operincsas.com\/quienes-somos\/\",\"name\":\"Quienes somos - Gruas Metalmecanica Santa Marta Magdalena Colombia Gr\\u00faas Metalmec\\u00e1nica\",\"isPartOf\":{\"@id\":\"https:\/\/operincsas.com\/public_html\/operincsas.com\/#website\"},\"primaryImageOfPage\":{\"@id\":\"https:\/\/operincsas.com\/public_html\/operincsas.com\/quienes-somos\/#primaryimage\"},\"datePublished\":\"2020-12-21T17:22:55+00:00\",\"dateModified\":\"2021-02-05T16:40:54+00:00\",\"breadcrumb\":{\"@id\":\"https:\/\/operincsas.com\/public_html\/operincsas.com\/quienes-somos\/#breadcrumb\"},\"inLanguage\":\"es\",\"potentialAction\":[{\"@type\":\"ReadAction\",\"target\":[\"https:\/\/operincsas.com\/public_html\/operincsas.com\/quienes-somos\/\"]}]},{\"@type\":\"BreadcrumbList\",\"@id\":\"https:\/\/operincsas.com\/public_html\/operincsas.com\/quienes-somos\/#breadcrumb\",\"itemListElement\":[{\"@type\":\"ListItem\",\"position\":1,\"item\":{\"@type\":\"WebPage\",\"@id\":\"https:\/\/operincsas.com\/public_html\/operincsas.com\/\",\"url\":\"https:\/\/operincsas.com\/public_html\/operincsas.com\/\",\"name\":\"Gruas Santa Marta\"}},{\"@type\":\"ListItem\",\"position\":2,\"item\":{\"@type\":\"WebPage\",\"@id\":\"https:\/\/operincsas.com\/public_html\/operincsas.com\/quienes-somos\/\",\"url\":\"https:\/\/operincsas.com\/public_html\/operincsas.com\/quienes-somos\/\",\"name\":\"Quienes somos\"}}]}]}<\/script>\n<!-- \/ Yoast SEO plugin. -->","_links":{"self":[{"href":"https:\/\/operincsas.com\/public_html\/operincsas.com\/wp-json\/wp\/v2\/pages\/176","targetHints":{"allow":["GET"]}}],"collection":[{"href":"https:\/\/operincsas.com\/public_html\/operincsas.com\/wp-json\/wp\/v2\/pages"}],"about":[{"href":"https:\/\/operincsas.com\/public_html\/operincsas.com\/wp-json\/wp\/v2\/types\/page"}],"author":[{"embeddable":true,"href":"https:\/\/operincsas.com\/public_html\/operincsas.com\/wp-json\/wp\/v2\/users\/1"}],"replies":[{"embeddable":true,"href":"https:\/\/operincsas.com\/public_html\/operincsas.com\/wp-json\/wp\/v2\/comments?post=176"}],"version-history":[{"count":71,"href":"https:\/\/operincsas.com\/public_html\/operincsas.com\/wp-json\/wp\/v2\/pages\/176\/revisions"}],"predecessor-version":[{"id":467,"href":"https:\/\/operincsas.com\/public_html\/operincsas.com\/wp-json\/wp\/v2\/pages\/176\/revisions\/467"}],"wp:attachment":[{"href":"https:\/\/operincsas.com\/public_html\/operincsas.com\/wp-json\/wp\/v2\/media?parent=176"}],"curies":[{"name":"wp","href":"https:\/\/api.w.org\/{rel}","templated":true}]}}